{"id":14720,"date":"2022-06-04T03:31:13","date_gmt":"2022-06-04T09:31:13","guid":{"rendered":"https:\/\/www.imaginegroupcr.com\/blog\/"},"modified":"2024-01-05T08:17:56","modified_gmt":"2024-01-05T14:17:56","slug":"blog","status":"publish","type":"page","link":"https:\/\/www.imaginegroupcr.com\/en\/blog\/","title":{"rendered":"Blog"},"content":{"rendered":"\t\t<div data-elementor-type=\"wp-page\" data-elementor-id=\"14720\" class=\"elementor elementor-14720 elementor-44\" data-elementor-post-type=\"page\">\n\t\t\t\t\t\t<section class=\"elementor-section elementor-top-section elementor-element elementor-element-e8b3264 elementor-section-boxed elementor-section-height-default elementor-section-height-default\" data-id=\"e8b3264\" data-element_type=\"section\" data-e-type=\"section\">\n\t\t\t\t\t\t<div class=\"elementor-container elementor-column-gap-default\">\n\t\t\t\t\t<div class=\"elementor-column elementor-col-100 elementor-top-column elementor-element elementor-element-c4db478\" data-id=\"c4db478\" data-element_type=\"column\" data-e-type=\"column\">\n\t\t\t<div class=\"elementor-widget-wrap elementor-element-populated\">\n\t\t\t\t\t\t<div class=\"elementor-element elementor-element-dc4d01b grid-blog arrow-style-1 elementor-widget elementor-widget-kitchor-post-grid\" data-id=\"dc4d01b\" data-element_type=\"widget\" data-e-type=\"widget\" data-widget_type=\"kitchor-post-grid.default\">\n\t\t\t\t<div class=\"elementor-widget-container\">\n\t\t\t\t\t        <div class=\"elementor-post-wrapper layout-post-style-3\">\n            <div class=\"row row\" data-elementor-columns-widescreen=\"3\" data-elementor-columns=\"3\" data-elementor-columns-laptop=\"3\" data-elementor-columns-tablet-extra=\"3\" data-elementor-columns-tablet=\"2\" data-elementor-columns-mobile-extra=\"2\" data-elementor-columns-mobile=\"1\">\n                <div class=\"column-item post-style-3\">\n    <div class=\"post-inner\">\n        <div class=\"post-thumbnail\"><img fetchpriority=\"high\" decoding=\"async\" width=\"850\" height=\"540\" src=\"https:\/\/www.imaginegroupcr.com\/wp-content\/uploads\/2026\/04\/GRANITO-OFICINA-850x540.webp\" class=\"attachment-kitchor-post-grid size-kitchor-post-grid wp-post-image\" alt=\"Granito en espacios comerciales de alto tr\u00e1nsito\" \/><\/div>        <div class=\"entry-content\">\n            <h2 class=\"entry-title\"><a href=\"https:\/\/www.imaginegroupcr.com\/en\/blog\/advantages-of-granite-in-commercial-spaces\/\" rel=\"bookmark\">Advantages of Granite in Commercial Spaces<\/a><\/h2>\n            <div class=\"entry-meta\">\n                <div class=\"posted-on\"><a href=\"https:\/\/www.imaginegroupcr.com\/en\/blog\/advantages-of-granite-in-commercial-spaces\/\" rel=\"bookmark\">24 de April de 2026<\/a><\/div> <div class=\"post-author\"><span>By <a href=\"https:\/\/www.imaginegroupcr.com\/en\/author\/zwsimagine\/\" class=\"url fn\" rel=\"author\">zwsimagine<\/a><\/span><\/div>             <\/div>\n            <div class=\"excerpt-content\">High-traffic granite: durable and safe surfaces for commercial spaces. Optimize maintenance, resistance, and lifespan with technical solutions.<\/div>\n\n            <div class=\"more-link-wrap\">\n                <a class=\"more-link\" href=\"https:\/\/www.imaginegroupcr.com\/en\/blog\/advantages-of-granite-in-commercial-spaces\/\">\n                    <span>Read More<\/span>\n                <\/a>\n            <\/div>\n        <\/div>\n    <\/div>\n<\/div>\n<div class=\"column-item post-style-3\">\n    <div class=\"post-inner\">\n        <div class=\"post-thumbnail\"><img decoding=\"async\" width=\"850\" height=\"540\" src=\"https:\/\/www.imaginegroupcr.com\/wp-content\/uploads\/2026\/04\/kitchen-with-granite-counter-top-white-kitchen-island-850x540.webp\" class=\"attachment-kitchor-post-grid size-kitchor-post-grid wp-post-image\" alt=\"Materiales duraderos para Airbnb\" \/><\/div>        <div class=\"entry-content\">\n            <h2 class=\"entry-title\"><a href=\"https:\/\/www.imaginegroupcr.com\/en\/blog\/durable-materials-for-airbnb-in-costa-rica\/\" rel=\"bookmark\">Durable Materials for Airbnb in Costa Rica<\/a><\/h2>\n            <div class=\"entry-meta\">\n                <div class=\"posted-on\"><a href=\"https:\/\/www.imaginegroupcr.com\/en\/blog\/durable-materials-for-airbnb-in-costa-rica\/\" rel=\"bookmark\">21 de April de 2026<\/a><\/div> <div class=\"post-author\"><span>By <a href=\"https:\/\/www.imaginegroupcr.com\/en\/author\/zwsimagine\/\" class=\"url fn\" rel=\"author\">zwsimagine<\/a><\/span><\/div>             <\/div>\n            <div class=\"excerpt-content\">Durable materials for Airbnb in Costa Rica: choose surfaces resistant to humidity and heavy traffic that optimize costs and project profitability.<\/div>\n\n            <div class=\"more-link-wrap\">\n                <a class=\"more-link\" href=\"https:\/\/www.imaginegroupcr.com\/en\/blog\/durable-materials-for-airbnb-in-costa-rica\/\">\n                    <span>Read More<\/span>\n                <\/a>\n            <\/div>\n        <\/div>\n    <\/div>\n<\/div>\n<div class=\"column-item post-style-3\">\n    <div class=\"post-inner\">\n        <div class=\"post-thumbnail\"><img decoding=\"async\" width=\"850\" height=\"540\" src=\"https:\/\/www.imaginegroupcr.com\/wp-content\/uploads\/2026\/02\/illustration-3d-architecture-rendering-3d-representation-3d-850x540.webp\" class=\"attachment-kitchor-post-grid size-kitchor-post-grid wp-post-image\" alt=\"Piedra coralina para terrazas modernas\" \/><\/div>        <div class=\"entry-content\">\n            <h2 class=\"entry-title\"><a href=\"https:\/\/www.imaginegroupcr.com\/en\/blog\/coral-stone-terrace-designs-for-modern-homes\/\" rel=\"bookmark\">Coralina Stone Terrace Designs for Modern Homes<\/a><\/h2>\n            <div class=\"entry-meta\">\n                <div class=\"posted-on\"><a href=\"https:\/\/www.imaginegroupcr.com\/en\/blog\/coral-stone-terrace-designs-for-modern-homes\/\" rel=\"bookmark\">13 de February de 2026<\/a><\/div> <div class=\"post-author\"><span>By <a href=\"https:\/\/www.imaginegroupcr.com\/en\/author\/zwsimagine\/\" class=\"url fn\" rel=\"author\">zwsimagine<\/a><\/span><\/div>             <\/div>\n            <div class=\"excerpt-content\">Discover how coral stone transforms modern terraces with its durability and natural aesthetics, ideal for residential and commercial projects.<\/div>\n\n            <div class=\"more-link-wrap\">\n                <a class=\"more-link\" href=\"https:\/\/www.imaginegroupcr.com\/en\/blog\/coral-stone-terrace-designs-for-modern-homes\/\">\n                    <span>Read More<\/span>\n                <\/a>\n            <\/div>\n        <\/div>\n    <\/div>\n<\/div>\n<div class=\"column-item post-style-3\">\n    <div class=\"post-inner\">\n        <div class=\"post-thumbnail\"><img loading=\"lazy\" decoding=\"async\" width=\"850\" height=\"540\" src=\"https:\/\/www.imaginegroupcr.com\/wp-content\/uploads\/2026\/02\/Sobre-de-cuarzo-1-850x540.webp\" class=\"attachment-kitchor-post-grid size-kitchor-post-grid wp-post-image\" alt=\"Cocina en cuarzo\" \/><\/div>        <div class=\"entry-content\">\n            <h2 class=\"entry-title\"><a href=\"https:\/\/www.imaginegroupcr.com\/en\/envelopes\/ideal-kitchen-countertops-for-coastal-homes\/\" rel=\"bookmark\">Ideal Kitchen Countertops for Coastal Homes<\/a><\/h2>\n            <div class=\"entry-meta\">\n                <div class=\"posted-on\"><a href=\"https:\/\/www.imaginegroupcr.com\/en\/envelopes\/ideal-kitchen-countertops-for-coastal-homes\/\" rel=\"bookmark\">13 de February de 2026<\/a><\/div> <div class=\"post-author\"><span>By <a href=\"https:\/\/www.imaginegroupcr.com\/en\/author\/zwsimagine\/\" class=\"url fn\" rel=\"author\">zwsimagine<\/a><\/span><\/div>             <\/div>\n            <div class=\"excerpt-content\">Discover the best kitchen countertops for coastal homes, focusing on quartz and marble for their durability and style.<\/div>\n\n            <div class=\"more-link-wrap\">\n                <a class=\"more-link\" href=\"https:\/\/www.imaginegroupcr.com\/en\/envelopes\/ideal-kitchen-countertops-for-coastal-homes\/\">\n                    <span>Read More<\/span>\n                <\/a>\n            <\/div>\n        <\/div>\n    <\/div>\n<\/div>\n<div class=\"column-item post-style-3\">\n    <div class=\"post-inner\">\n        <div class=\"post-thumbnail\"><img loading=\"lazy\" decoding=\"async\" width=\"850\" height=\"540\" src=\"https:\/\/www.imaginegroupcr.com\/wp-content\/uploads\/2026\/01\/acabados-premium-850x540.webp\" class=\"attachment-kitchor-post-grid size-kitchor-post-grid wp-post-image\" alt=\"Acabados de Lujo para Hoteles en Costa Rica | Luxury Finishes for Hotels in Costa Rica\" \/><\/div>        <div class=\"entry-content\">\n            <h2 class=\"entry-title\"><a href=\"https:\/\/www.imaginegroupcr.com\/en\/envelopes\/luxury-finishes-for-hotels-guest-perception-through-design\/\" rel=\"bookmark\">Luxury Finishes for Hotels: Guest Perception Through Design<\/a><\/h2>\n            <div class=\"entry-meta\">\n                <div class=\"posted-on\"><a href=\"https:\/\/www.imaginegroupcr.com\/en\/envelopes\/luxury-finishes-for-hotels-guest-perception-through-design\/\" rel=\"bookmark\">19 de January de 2026<\/a><\/div> <div class=\"post-author\"><span>By <a href=\"https:\/\/www.imaginegroupcr.com\/en\/author\/zwsimagine\/\" class=\"url fn\" rel=\"author\">zwsimagine<\/a><\/span><\/div>             <\/div>\n            <div class=\"excerpt-content\">Premium finishes in hotels have a direct impact on guest perception, enhancing the experience and differentiating the brand.<\/div>\n\n            <div class=\"more-link-wrap\">\n                <a class=\"more-link\" href=\"https:\/\/www.imaginegroupcr.com\/en\/envelopes\/luxury-finishes-for-hotels-guest-perception-through-design\/\">\n                    <span>Read More<\/span>\n                <\/a>\n            <\/div>\n        <\/div>\n    <\/div>\n<\/div>\n<div class=\"column-item post-style-3\">\n    <div class=\"post-inner\">\n        <div class=\"post-thumbnail\"><img loading=\"lazy\" decoding=\"async\" width=\"850\" height=\"540\" src=\"https:\/\/www.imaginegroupcr.com\/wp-content\/uploads\/2026\/01\/Superficie-en-granito-850x540.webp\" class=\"attachment-kitchor-post-grid size-kitchor-post-grid wp-post-image\" alt=\"\u00bfPor qu\u00e9 elegir granito para sus superficies? - Costa Rica | Why Choose Granite for Your Surfaces? - Costa Rica\" \/><\/div>        <div class=\"entry-content\">\n            <h2 class=\"entry-title\"><a href=\"https:\/\/www.imaginegroupcr.com\/en\/envelopes\/strength-and-design-why-choose-granite-for-your-surfaces\/\" rel=\"bookmark\">Strength and Design: Why Choose Granite for Your Surfaces?<\/a><\/h2>\n            <div class=\"entry-meta\">\n                <div class=\"posted-on\"><a href=\"https:\/\/www.imaginegroupcr.com\/en\/envelopes\/strength-and-design-why-choose-granite-for-your-surfaces\/\" rel=\"bookmark\">15 de January de 2026<\/a><\/div> <div class=\"post-author\"><span>By <a href=\"https:\/\/www.imaginegroupcr.com\/en\/author\/zwsimagine\/\" class=\"url fn\" rel=\"author\">zwsimagine<\/a><\/span><\/div>             <\/div>\n            <div class=\"excerpt-content\">The selection of materials for remodeling or construction has a direct impact on the functionality and aesthetics of your home or business. Among the available options, granite stands...<\/div>\n\n            <div class=\"more-link-wrap\">\n                <a class=\"more-link\" href=\"https:\/\/www.imaginegroupcr.com\/en\/envelopes\/strength-and-design-why-choose-granite-for-your-surfaces\/\">\n                    <span>Read More<\/span>\n                <\/a>\n            <\/div>\n        <\/div>\n    <\/div>\n<\/div>\n            <\/div>\n\n                            <div class=\"pagination\">\n                            <div class=\"pagination\">\n            <nav class=\"elementor-pagination\" role=\"navigation\"\n                 aria-label=\"Pagination\">\n                <span aria-current=\"page\" class=\"page-numbers current\"><span class=\"elementor-screen-only\">Page<\/span>1<\/span>\n<a class=\"page-numbers\" href=\"https:\/\/www.imaginegroupcr.com\/en\/wp-json\/wp\/v2\/pages\/14720\/page\/2\/\"><span class=\"elementor-screen-only\">Page<\/span>2<\/a>\n<a class=\"page-numbers\" href=\"https:\/\/www.imaginegroupcr.com\/en\/wp-json\/wp\/v2\/pages\/14720\/page\/3\/\"><span class=\"elementor-screen-only\">Page<\/span>3<\/a>\n<a class=\"page-numbers\" href=\"https:\/\/www.imaginegroupcr.com\/en\/wp-json\/wp\/v2\/pages\/14720\/page\/4\/\"><span class=\"elementor-screen-only\">Page<\/span>4<\/a>\n<a class=\"page-numbers\" href=\"https:\/\/www.imaginegroupcr.com\/en\/wp-json\/wp\/v2\/pages\/14720\/page\/5\/\"><span class=\"elementor-screen-only\">Page<\/span>5<\/a>\n<a class=\"page-numbers\" href=\"https:\/\/www.imaginegroupcr.com\/en\/wp-json\/wp\/v2\/pages\/14720\/page\/6\/\"><span class=\"elementor-screen-only\">Page<\/span>6<\/a>\n<a class=\"page-numbers\" href=\"https:\/\/www.imaginegroupcr.com\/en\/wp-json\/wp\/v2\/pages\/14720\/page\/7\/\"><span class=\"elementor-screen-only\">Page<\/span>7<\/a>\n<a class=\"page-numbers\" href=\"https:\/\/www.imaginegroupcr.com\/en\/wp-json\/wp\/v2\/pages\/14720\/page\/8\/\"><span class=\"elementor-screen-only\">Page<\/span>8<\/a>\n<a class=\"page-numbers\" href=\"https:\/\/www.imaginegroupcr.com\/en\/wp-json\/wp\/v2\/pages\/14720\/page\/9\/\"><span class=\"elementor-screen-only\">Page<\/span>9<\/a>\n<a class=\"page-numbers\" href=\"https:\/\/www.imaginegroupcr.com\/en\/wp-json\/wp\/v2\/pages\/14720\/page\/10\/\"><span class=\"elementor-screen-only\">Page<\/span>10<\/a>\n<a class=\"page-numbers\" href=\"https:\/\/www.imaginegroupcr.com\/en\/wp-json\/wp\/v2\/pages\/14720\/page\/11\/\"><span class=\"elementor-screen-only\">Page<\/span>11<\/a>\n<a class=\"page-numbers\" href=\"https:\/\/www.imaginegroupcr.com\/en\/wp-json\/wp\/v2\/pages\/14720\/page\/12\/\"><span class=\"elementor-screen-only\">Page<\/span>12<\/a>\n<a class=\"page-numbers\" href=\"https:\/\/www.imaginegroupcr.com\/en\/wp-json\/wp\/v2\/pages\/14720\/page\/13\/\"><span class=\"elementor-screen-only\">Page<\/span>13<\/a>            <\/nav>\n        <\/div>\n                        <\/div>\n                    <\/div>\n        \t\t\t\t<\/div>\n\t\t\t\t<\/div>\n\t\t\t\t\t<\/div>\n\t\t<\/div>\n\t\t\t\t\t<\/div>\n\t\t<\/section>\n\t\t\t\t<\/div>\n\t\t","protected":false},"excerpt":{"rendered":"<p>Logre un estilo \u00fanico en su cocina con modernas encimeras 13 de julio de 2023 By zwsimagine La cocina es mucho m\u00e1s que simplemente un lugar para preparar alimentos; es el coraz\u00f3n de tu hogar, un espacio donde se comparten momentos, se crean recuerdos y se disfruta de la compa\u00f1\u00eda de seres queridos. Ver m\u00e1s [&hellip;]<\/p>\n","protected":false},"author":1,"featured_media":0,"parent":0,"menu_order":0,"comment_status":"closed","ping_status":"closed","template":"","meta":{"inline_featured_image":false,"footnotes":""},"class_list":["post-14720","page","type-page","status-publish","hentry"],"yoast_head":"<!-- This site is optimized with the Yoast SEO plugin v27.5 - https:\/\/yoast.com\/product\/yoast-seo-wordpress\/ -->\n<title>Quartzite envelopes in Perez Zeledon, Jac\u00f3, Dominical, Uvita<\/title>\n<meta name=\"description\" content=\"Transform your kitchen, bathroom or outdoor space with the timeless beauty of quartzite countertops. Quartzite countertops for sale, granite.\" \/>\n<meta name=\"robots\" content=\"index, follow, max-snippet:-1, max-image-preview:large, max-video-preview:-1\" \/>\n<link rel=\"canonical\" href=\"https:\/\/www.imaginegroupcr.com\/en\/blog\/\" \/>\n<meta property=\"og:locale\" content=\"en_US\" \/>\n<meta property=\"og:type\" content=\"article\" \/>\n<meta property=\"og:title\" content=\"Quartzite envelopes in Perez Zeledon, Jac\u00f3, Dominical, Uvita\" \/>\n<meta property=\"og:description\" content=\"Transform your kitchen, bathroom or outdoor space with the timeless beauty of quartzite countertops. Quartzite countertops for sale, granite.\" \/>\n<meta property=\"og:url\" content=\"https:\/\/www.imaginegroupcr.com\/en\/blog\/\" \/>\n<meta property=\"og:site_name\" content=\"IMAGINE GROUP\" \/>\n<meta property=\"article:publisher\" content=\"https:\/\/www.facebook.com\/ImagineCompanyCR\/\" \/>\n<meta property=\"article:modified_time\" content=\"2024-01-05T14:17:56+00:00\" \/>\n<meta property=\"og:image\" content=\"https:\/\/www.imaginegroupcr.com\/wp-content\/uploads\/2023\/07\/encimeras-head-820x500.webp\" \/>\n<meta name=\"twitter:card\" content=\"summary_large_image\" \/>\n<meta name=\"twitter:label1\" content=\"Est. reading time\" \/>\n\t<meta name=\"twitter:data1\" content=\"3 minutes\" \/>\n<script type=\"application\/ld+json\" class=\"yoast-schema-graph\">{\"@context\":\"https:\\\/\\\/schema.org\",\"@graph\":[{\"@type\":\"WebPage\",\"@id\":\"https:\\\/\\\/www.imaginegroupcr.com\\\/en\\\/blog\\\/\",\"url\":\"https:\\\/\\\/www.imaginegroupcr.com\\\/en\\\/blog\\\/\",\"name\":\"Quartzite envelopes in Perez Zeledon, Jac\u00f3, Dominical, Uvita\",\"isPartOf\":{\"@id\":\"https:\\\/\\\/www.imaginegroupcr.com\\\/en\\\/#website\"},\"primaryImageOfPage\":{\"@id\":\"https:\\\/\\\/www.imaginegroupcr.com\\\/en\\\/blog\\\/#primaryimage\"},\"image\":{\"@id\":\"https:\\\/\\\/www.imaginegroupcr.com\\\/en\\\/blog\\\/#primaryimage\"},\"thumbnailUrl\":\"https:\\\/\\\/www.imaginegroupcr.com\\\/wp-content\\\/uploads\\\/2023\\\/07\\\/encimeras-head-820x500.webp\",\"datePublished\":\"2022-06-04T09:31:13+00:00\",\"dateModified\":\"2024-01-05T14:17:56+00:00\",\"description\":\"Transform your kitchen, bathroom or outdoor space with the timeless beauty of quartzite countertops. Quartzite countertops for sale, granite.\",\"breadcrumb\":{\"@id\":\"https:\\\/\\\/www.imaginegroupcr.com\\\/en\\\/blog\\\/#breadcrumb\"},\"inLanguage\":\"en-US\",\"potentialAction\":[{\"@type\":\"ReadAction\",\"target\":[\"https:\\\/\\\/www.imaginegroupcr.com\\\/en\\\/blog\\\/\"]}]},{\"@type\":\"ImageObject\",\"inLanguage\":\"en-US\",\"@id\":\"https:\\\/\\\/www.imaginegroupcr.com\\\/en\\\/blog\\\/#primaryimage\",\"url\":\"https:\\\/\\\/www.imaginegroupcr.com\\\/wp-content\\\/uploads\\\/2023\\\/07\\\/encimeras-head-820x500.webp\",\"contentUrl\":\"https:\\\/\\\/www.imaginegroupcr.com\\\/wp-content\\\/uploads\\\/2023\\\/07\\\/encimeras-head-820x500.webp\"},{\"@type\":\"BreadcrumbList\",\"@id\":\"https:\\\/\\\/www.imaginegroupcr.com\\\/en\\\/blog\\\/#breadcrumb\",\"itemListElement\":[{\"@type\":\"ListItem\",\"position\":1,\"name\":\"Inicio\",\"item\":\"https:\\\/\\\/www.imaginegroupcr.com\\\/en\\\/\"},{\"@type\":\"ListItem\",\"position\":2,\"name\":\"Blog\"}]},{\"@type\":\"WebSite\",\"@id\":\"https:\\\/\\\/www.imaginegroupcr.com\\\/en\\\/#website\",\"url\":\"https:\\\/\\\/www.imaginegroupcr.com\\\/en\\\/\",\"name\":\"IMAGINE GROUP\",\"description\":\"Piedras naturales y elaboradas importadas\",\"publisher\":{\"@id\":\"https:\\\/\\\/www.imaginegroupcr.com\\\/en\\\/#organization\"},\"potentialAction\":[{\"@type\":\"SearchAction\",\"target\":{\"@type\":\"EntryPoint\",\"urlTemplate\":\"https:\\\/\\\/www.imaginegroupcr.com\\\/en\\\/?s={search_term_string}\"},\"query-input\":{\"@type\":\"PropertyValueSpecification\",\"valueRequired\":true,\"valueName\":\"search_term_string\"}}],\"inLanguage\":\"en-US\"},{\"@type\":\"Organization\",\"@id\":\"https:\\\/\\\/www.imaginegroupcr.com\\\/en\\\/#organization\",\"name\":\"IMAGINE GROUP\",\"url\":\"https:\\\/\\\/www.imaginegroupcr.com\\\/en\\\/\",\"logo\":{\"@type\":\"ImageObject\",\"inLanguage\":\"en-US\",\"@id\":\"https:\\\/\\\/www.imaginegroupcr.com\\\/en\\\/#\\\/schema\\\/logo\\\/image\\\/\",\"url\":\"https:\\\/\\\/www.imaginegroupcr.com\\\/wp-content\\\/uploads\\\/2022\\\/11\\\/IMAGINE-web-1.png\",\"contentUrl\":\"https:\\\/\\\/www.imaginegroupcr.com\\\/wp-content\\\/uploads\\\/2022\\\/11\\\/IMAGINE-web-1.png\",\"width\":319,\"height\":111,\"caption\":\"IMAGINE GROUP\"},\"image\":{\"@id\":\"https:\\\/\\\/www.imaginegroupcr.com\\\/en\\\/#\\\/schema\\\/logo\\\/image\\\/\"},\"sameAs\":[\"https:\\\/\\\/www.facebook.com\\\/ImagineCompanyCR\\\/\",\"https:\\\/\\\/www.instagram.com\\\/imaginecompany_01\\\/\"]}]}<\/script>\n<!-- \/ Yoast SEO plugin. -->","yoast_head_json":{"title":"Quartzite envelopes in Perez Zeledon, Jac\u00f3, Dominical, Uvita","description":"Transform your kitchen, bathroom or outdoor space with the timeless beauty of quartzite countertops. Quartzite countertops for sale, granite.","robots":{"index":"index","follow":"follow","max-snippet":"max-snippet:-1","max-image-preview":"max-image-preview:large","max-video-preview":"max-video-preview:-1"},"canonical":"https:\/\/www.imaginegroupcr.com\/en\/blog\/","og_locale":"en_US","og_type":"article","og_title":"Quartzite envelopes in Perez Zeledon, Jac\u00f3, Dominical, Uvita","og_description":"Transform your kitchen, bathroom or outdoor space with the timeless beauty of quartzite countertops. Quartzite countertops for sale, granite.","og_url":"https:\/\/www.imaginegroupcr.com\/en\/blog\/","og_site_name":"IMAGINE GROUP","article_publisher":"https:\/\/www.facebook.com\/ImagineCompanyCR\/","article_modified_time":"2024-01-05T14:17:56+00:00","og_image":[{"url":"https:\/\/www.imaginegroupcr.com\/wp-content\/uploads\/2023\/07\/encimeras-head-820x500.webp","type":"","width":"","height":""}],"twitter_card":"summary_large_image","twitter_misc":{"Est. reading time":"3 minutes"},"schema":{"@context":"https:\/\/schema.org","@graph":[{"@type":"WebPage","@id":"https:\/\/www.imaginegroupcr.com\/en\/blog\/","url":"https:\/\/www.imaginegroupcr.com\/en\/blog\/","name":"Quartzite envelopes in Perez Zeledon, Jac\u00f3, Dominical, Uvita","isPartOf":{"@id":"https:\/\/www.imaginegroupcr.com\/en\/#website"},"primaryImageOfPage":{"@id":"https:\/\/www.imaginegroupcr.com\/en\/blog\/#primaryimage"},"image":{"@id":"https:\/\/www.imaginegroupcr.com\/en\/blog\/#primaryimage"},"thumbnailUrl":"https:\/\/www.imaginegroupcr.com\/wp-content\/uploads\/2023\/07\/encimeras-head-820x500.webp","datePublished":"2022-06-04T09:31:13+00:00","dateModified":"2024-01-05T14:17:56+00:00","description":"Transform your kitchen, bathroom or outdoor space with the timeless beauty of quartzite countertops. Quartzite countertops for sale, granite.","breadcrumb":{"@id":"https:\/\/www.imaginegroupcr.com\/en\/blog\/#breadcrumb"},"inLanguage":"en-US","potentialAction":[{"@type":"ReadAction","target":["https:\/\/www.imaginegroupcr.com\/en\/blog\/"]}]},{"@type":"ImageObject","inLanguage":"en-US","@id":"https:\/\/www.imaginegroupcr.com\/en\/blog\/#primaryimage","url":"https:\/\/www.imaginegroupcr.com\/wp-content\/uploads\/2023\/07\/encimeras-head-820x500.webp","contentUrl":"https:\/\/www.imaginegroupcr.com\/wp-content\/uploads\/2023\/07\/encimeras-head-820x500.webp"},{"@type":"BreadcrumbList","@id":"https:\/\/www.imaginegroupcr.com\/en\/blog\/#breadcrumb","itemListElement":[{"@type":"ListItem","position":1,"name":"Inicio","item":"https:\/\/www.imaginegroupcr.com\/en\/"},{"@type":"ListItem","position":2,"name":"Blog"}]},{"@type":"WebSite","@id":"https:\/\/www.imaginegroupcr.com\/en\/#website","url":"https:\/\/www.imaginegroupcr.com\/en\/","name":"IMAGINE GROUP","description":"Piedras naturales y elaboradas importadas","publisher":{"@id":"https:\/\/www.imaginegroupcr.com\/en\/#organization"},"potentialAction":[{"@type":"SearchAction","target":{"@type":"EntryPoint","urlTemplate":"https:\/\/www.imaginegroupcr.com\/en\/?s={search_term_string}"},"query-input":{"@type":"PropertyValueSpecification","valueRequired":true,"valueName":"search_term_string"}}],"inLanguage":"en-US"},{"@type":"Organization","@id":"https:\/\/www.imaginegroupcr.com\/en\/#organization","name":"IMAGINE GROUP","url":"https:\/\/www.imaginegroupcr.com\/en\/","logo":{"@type":"ImageObject","inLanguage":"en-US","@id":"https:\/\/www.imaginegroupcr.com\/en\/#\/schema\/logo\/image\/","url":"https:\/\/www.imaginegroupcr.com\/wp-content\/uploads\/2022\/11\/IMAGINE-web-1.png","contentUrl":"https:\/\/www.imaginegroupcr.com\/wp-content\/uploads\/2022\/11\/IMAGINE-web-1.png","width":319,"height":111,"caption":"IMAGINE GROUP"},"image":{"@id":"https:\/\/www.imaginegroupcr.com\/en\/#\/schema\/logo\/image\/"},"sameAs":["https:\/\/www.facebook.com\/ImagineCompanyCR\/","https:\/\/www.instagram.com\/imaginecompany_01\/"]}]}},"_links":{"self":[{"href":"https:\/\/www.imaginegroupcr.com\/en\/wp-json\/wp\/v2\/pages\/14720","targetHints":{"allow":["GET"]}}],"collection":[{"href":"https:\/\/www.imaginegroupcr.com\/en\/wp-json\/wp\/v2\/pages"}],"about":[{"href":"https:\/\/www.imaginegroupcr.com\/en\/wp-json\/wp\/v2\/types\/page"}],"author":[{"embeddable":true,"href":"https:\/\/www.imaginegroupcr.com\/en\/wp-json\/wp\/v2\/users\/1"}],"replies":[{"embeddable":true,"href":"https:\/\/www.imaginegroupcr.com\/en\/wp-json\/wp\/v2\/comments?post=14720"}],"version-history":[{"count":1,"href":"https:\/\/www.imaginegroupcr.com\/en\/wp-json\/wp\/v2\/pages\/14720\/revisions"}],"predecessor-version":[{"id":14721,"href":"https:\/\/www.imaginegroupcr.com\/en\/wp-json\/wp\/v2\/pages\/14720\/revisions\/14721"}],"wp:attachment":[{"href":"https:\/\/www.imaginegroupcr.com\/en\/wp-json\/wp\/v2\/media?parent=14720"}],"curies":[{"name":"wp","href":"https:\/\/api.w.org\/{rel}","templated":true}]}}