{"id":14850,"date":"2022-06-04T03:28:57","date_gmt":"2022-06-04T09:28:57","guid":{"rendered":"https:\/\/www.imaginegroupcr.com\/preguntas-frecuentes\/"},"modified":"2024-10-22T08:41:41","modified_gmt":"2024-10-22T14:41:41","slug":"faqs","status":"publish","type":"page","link":"https:\/\/www.imaginegroupcr.com\/en\/faqs\/","title":{"rendered":"FAQS"},"content":{"rendered":"\t\t<div data-elementor-type=\"wp-page\" data-elementor-id=\"14850\" class=\"elementor elementor-14850 elementor-36\" data-elementor-post-type=\"page\">\n\t\t\t\t\t\t<div class=\"elementor-section elementor-top-section elementor-element elementor-element-cce4092 elementor-section-stretched elementor-section-boxed elementor-section-height-default elementor-section-height-default\" data-id=\"cce4092\" data-element_type=\"section\" data-e-type=\"section\" data-settings=\"{&quot;stretch_section&quot;:&quot;section-stretched&quot;}\">\n\t\t\t\t\t\t<div class=\"elementor-container elementor-column-gap-no\">\n\t\t\t\t\t<div class=\"elementor-column elementor-col-50 elementor-top-column elementor-element elementor-element-341364e\" data-id=\"341364e\" data-element_type=\"column\" data-e-type=\"column\" data-settings=\"{&quot;background_background&quot;:&quot;classic&quot;}\">\n\t\t\t<div class=\"elementor-widget-wrap elementor-element-populated\">\n\t\t\t\t\t\t<div class=\"elementor-element elementor-element-5b2f3aa arrow-style-1 elementor-widget elementor-widget-kitchor-image-gallery\" data-id=\"5b2f3aa\" data-element_type=\"widget\" data-e-type=\"widget\" data-widget_type=\"kitchor-image-gallery.default\">\n\t\t\t\t<div class=\"elementor-widget-container\">\n\t\t\t\t\t\n        <div class=\"elementor-opal-image-gallery\">\n\n            <div class=\"row grid\" data-elementor-columns=\"1\" data-elementor-columns-tablet=\"1\" data-elementor-columns-mobile-extra=\"2\" data-elementor-columns-mobile=\"1\">\n                                    <div class=\"column-item grid__item masonry-item__all gallery_group_0\">\n                        <a data-elementor-open-lightbox=\"yes\" data-elementor-lightbox-slideshow=\"5b2f3aa\"                           href=\"https:\/\/www.imaginegroupcr.com\/wp-content\/uploads\/2022\/11\/preguntas-frecuentes.jpg\">\n                            <img decoding=\"async\" src=\"https:\/\/www.imaginegroupcr.com\/wp-content\/uploads\/2022\/11\/preguntas-frecuentes-630x450.jpg\"\n                                 alt=\"Preguntas frecuentes\"\/>\n                        <\/a>\n                    <\/div>\n                                    <div class=\"column-item grid__item masonry-item__all gallery_group_1\">\n                        <a data-elementor-open-lightbox=\"yes\" data-elementor-lightbox-slideshow=\"5b2f3aa\"                           href=\"https:\/\/www.imaginegroupcr.com\/wp-content\/uploads\/2022\/11\/preguntas-frecuentes-2.jpg\">\n                            <img decoding=\"async\" src=\"https:\/\/www.imaginegroupcr.com\/wp-content\/uploads\/2022\/11\/preguntas-frecuentes-2-630x450.jpg\"\n                                 alt=\"Preguntas frecuentes - Construcci\u00f3n en m\u00e1rmol en P\u00e9rez Zeled\u00f3n, Jac\u00f3, Dominical, Uvita\"\/>\n                        <\/a>\n                    <\/div>\n                            <\/div>\n\n                    <\/div>\n        \t\t\t\t<\/div>\n\t\t\t\t<\/div>\n\t\t\t\t\t<\/div>\n\t\t<\/div>\n\t\t\t\t<div class=\"elementor-column elementor-col-50 elementor-top-column elementor-element elementor-element-ed62977\" data-id=\"ed62977\" data-element_type=\"column\" data-e-type=\"column\">\n\t\t\t<div class=\"elementor-widget-wrap elementor-element-populated\">\n\t\t\t\t\t\t<div class=\"elementor-element elementor-element-632b2a6 elementor-widget elementor-widget-heading\" data-id=\"632b2a6\" data-element_type=\"widget\" data-e-type=\"widget\" data-widget_type=\"heading.default\">\n\t\t\t\t<div class=\"elementor-widget-container\">\n\t\t\t\t\t<div class=\"elementor-heading-title elementor-size-default\">COMMON QUESTIONS<\/div>\t\t\t\t<\/div>\n\t\t\t\t<\/div>\n\t\t\t\t<div class=\"elementor-element elementor-element-180907d elementor-widget__width-initial elementor-widget elementor-widget-heading\" data-id=\"180907d\" data-element_type=\"widget\" data-e-type=\"widget\" data-widget_type=\"heading.default\">\n\t\t\t\t<div class=\"elementor-widget-container\">\n\t\t\t\t\t<h2 class=\"elementor-heading-title elementor-size-default\">Most Frequently Asked Questions<\/h2>\t\t\t\t<\/div>\n\t\t\t\t<\/div>\n\t\t\t\t\t<\/div>\n\t\t<\/div>\n\t\t\t\t\t<\/div>\n\t\t<\/div>\n\t\t\t\t<\/div>\n\t\t","protected":false},"excerpt":{"rendered":"<p>COMMON QUESTIONS Most Frequently Asked Questions \u00bfCu\u00e1les son las ventajas del cuarzo calacatta? El\u00a0cuarzo Calacatta, una variante de cuarzo dise\u00f1ada para imitar el aspecto del m\u00e1rmol Calacatta, presenta varias ventajas que lo convierten&hellip; \u00bfCu\u00e1les son los usos del cuarzo? Debido a su durabilidad sus usos m\u00e1s comunes son en encimeras de cocina y ba\u00f1os, as\u00ed [&hellip;]<\/p>\n","protected":false},"author":1,"featured_media":14390,"parent":0,"menu_order":0,"comment_status":"closed","ping_status":"closed","template":"template-homepage.php","meta":{"inline_featured_image":false,"footnotes":""},"class_list":["post-14850","page","type-page","status-publish","has-post-thumbnail","hentry"],"yoast_head":"<!-- This site is optimized with the Yoast SEO plugin v27.5 - https:\/\/yoast.com\/product\/yoast-seo-wordpress\/ -->\n<title>Marble envelopes in Perez Zeledon, Jac\u00f3, Dominical, Uvita<\/title>\n<meta name=\"description\" content=\"Marble is a compact metamorphic rock, formed from limestone rocks that, when subjected to high temperatures and pressures.\" \/>\n<meta name=\"robots\" content=\"index, follow, max-snippet:-1, max-image-preview:large, max-video-preview:-1\" \/>\n<link rel=\"canonical\" href=\"https:\/\/www.imaginegroupcr.com\/en\/faqs\/\" \/>\n<meta property=\"og:locale\" content=\"en_US\" \/>\n<meta property=\"og:type\" content=\"article\" \/>\n<meta property=\"og:title\" content=\"Marble envelopes in Perez Zeledon, Jac\u00f3, Dominical, Uvita\" \/>\n<meta property=\"og:description\" content=\"Marble is a compact metamorphic rock, formed from limestone rocks that, when subjected to high temperatures and pressures.\" \/>\n<meta property=\"og:url\" content=\"https:\/\/www.imaginegroupcr.com\/en\/faqs\/\" \/>\n<meta property=\"og:site_name\" content=\"IMAGINE GROUP\" \/>\n<meta property=\"article:publisher\" content=\"https:\/\/www.facebook.com\/ImagineCompanyCR\/\" \/>\n<meta property=\"article:modified_time\" content=\"2024-10-22T14:41:41+00:00\" \/>\n<meta property=\"og:image\" content=\"https:\/\/www.imaginegroupcr.com\/wp-content\/uploads\/2022\/12\/breadcum-faqs.webp\" \/>\n\t<meta property=\"og:image:width\" content=\"1920\" \/>\n\t<meta property=\"og:image:height\" content=\"500\" \/>\n\t<meta property=\"og:image:type\" content=\"image\/webp\" \/>\n<meta name=\"twitter:card\" content=\"summary_large_image\" \/>\n<meta name=\"twitter:label1\" content=\"Est. reading time\" \/>\n\t<meta name=\"twitter:data1\" content=\"2 minutes\" \/>\n<script type=\"application\/ld+json\" class=\"yoast-schema-graph\">{\"@context\":\"https:\\\/\\\/schema.org\",\"@graph\":[{\"@type\":\"WebPage\",\"@id\":\"https:\\\/\\\/www.imaginegroupcr.com\\\/en\\\/faqs\\\/\",\"url\":\"https:\\\/\\\/www.imaginegroupcr.com\\\/en\\\/faqs\\\/\",\"name\":\"Marble envelopes in Perez Zeledon, Jac\u00f3, Dominical, Uvita\",\"isPartOf\":{\"@id\":\"https:\\\/\\\/www.imaginegroupcr.com\\\/en\\\/#website\"},\"primaryImageOfPage\":{\"@id\":\"https:\\\/\\\/www.imaginegroupcr.com\\\/en\\\/faqs\\\/#primaryimage\"},\"image\":{\"@id\":\"https:\\\/\\\/www.imaginegroupcr.com\\\/en\\\/faqs\\\/#primaryimage\"},\"thumbnailUrl\":\"https:\\\/\\\/www.imaginegroupcr.com\\\/wp-content\\\/uploads\\\/2022\\\/12\\\/breadcum-faqs.webp\",\"datePublished\":\"2022-06-04T09:28:57+00:00\",\"dateModified\":\"2024-10-22T14:41:41+00:00\",\"description\":\"Marble is a compact metamorphic rock, formed from limestone rocks that, when subjected to high temperatures and pressures.\",\"breadcrumb\":{\"@id\":\"https:\\\/\\\/www.imaginegroupcr.com\\\/en\\\/faqs\\\/#breadcrumb\"},\"inLanguage\":\"en-US\",\"potentialAction\":[{\"@type\":\"ReadAction\",\"target\":[\"https:\\\/\\\/www.imaginegroupcr.com\\\/en\\\/faqs\\\/\"]}]},{\"@type\":\"ImageObject\",\"inLanguage\":\"en-US\",\"@id\":\"https:\\\/\\\/www.imaginegroupcr.com\\\/en\\\/faqs\\\/#primaryimage\",\"url\":\"https:\\\/\\\/www.imaginegroupcr.com\\\/wp-content\\\/uploads\\\/2022\\\/12\\\/breadcum-faqs.webp\",\"contentUrl\":\"https:\\\/\\\/www.imaginegroupcr.com\\\/wp-content\\\/uploads\\\/2022\\\/12\\\/breadcum-faqs.webp\",\"width\":1920,\"height\":500},{\"@type\":\"BreadcrumbList\",\"@id\":\"https:\\\/\\\/www.imaginegroupcr.com\\\/en\\\/faqs\\\/#breadcrumb\",\"itemListElement\":[{\"@type\":\"ListItem\",\"position\":1,\"name\":\"Inicio\",\"item\":\"https:\\\/\\\/www.imaginegroupcr.com\\\/en\\\/\"},{\"@type\":\"ListItem\",\"position\":2,\"name\":\"FAQS\"}]},{\"@type\":\"WebSite\",\"@id\":\"https:\\\/\\\/www.imaginegroupcr.com\\\/en\\\/#website\",\"url\":\"https:\\\/\\\/www.imaginegroupcr.com\\\/en\\\/\",\"name\":\"IMAGINE GROUP\",\"description\":\"Piedras naturales y elaboradas importadas\",\"publisher\":{\"@id\":\"https:\\\/\\\/www.imaginegroupcr.com\\\/en\\\/#organization\"},\"potentialAction\":[{\"@type\":\"SearchAction\",\"target\":{\"@type\":\"EntryPoint\",\"urlTemplate\":\"https:\\\/\\\/www.imaginegroupcr.com\\\/en\\\/?s={search_term_string}\"},\"query-input\":{\"@type\":\"PropertyValueSpecification\",\"valueRequired\":true,\"valueName\":\"search_term_string\"}}],\"inLanguage\":\"en-US\"},{\"@type\":\"Organization\",\"@id\":\"https:\\\/\\\/www.imaginegroupcr.com\\\/en\\\/#organization\",\"name\":\"IMAGINE GROUP\",\"url\":\"https:\\\/\\\/www.imaginegroupcr.com\\\/en\\\/\",\"logo\":{\"@type\":\"ImageObject\",\"inLanguage\":\"en-US\",\"@id\":\"https:\\\/\\\/www.imaginegroupcr.com\\\/en\\\/#\\\/schema\\\/logo\\\/image\\\/\",\"url\":\"https:\\\/\\\/www.imaginegroupcr.com\\\/wp-content\\\/uploads\\\/2022\\\/11\\\/IMAGINE-web-1.png\",\"contentUrl\":\"https:\\\/\\\/www.imaginegroupcr.com\\\/wp-content\\\/uploads\\\/2022\\\/11\\\/IMAGINE-web-1.png\",\"width\":319,\"height\":111,\"caption\":\"IMAGINE GROUP\"},\"image\":{\"@id\":\"https:\\\/\\\/www.imaginegroupcr.com\\\/en\\\/#\\\/schema\\\/logo\\\/image\\\/\"},\"sameAs\":[\"https:\\\/\\\/www.facebook.com\\\/ImagineCompanyCR\\\/\",\"https:\\\/\\\/www.instagram.com\\\/imaginecompany_01\\\/\"]}]}<\/script>\n<!-- \/ Yoast SEO plugin. -->","yoast_head_json":{"title":"Marble envelopes in Perez Zeledon, Jac\u00f3, Dominical, Uvita","description":"Marble is a compact metamorphic rock, formed from limestone rocks that, when subjected to high temperatures and pressures.","robots":{"index":"index","follow":"follow","max-snippet":"max-snippet:-1","max-image-preview":"max-image-preview:large","max-video-preview":"max-video-preview:-1"},"canonical":"https:\/\/www.imaginegroupcr.com\/en\/faqs\/","og_locale":"en_US","og_type":"article","og_title":"Marble envelopes in Perez Zeledon, Jac\u00f3, Dominical, Uvita","og_description":"Marble is a compact metamorphic rock, formed from limestone rocks that, when subjected to high temperatures and pressures.","og_url":"https:\/\/www.imaginegroupcr.com\/en\/faqs\/","og_site_name":"IMAGINE GROUP","article_publisher":"https:\/\/www.facebook.com\/ImagineCompanyCR\/","article_modified_time":"2024-10-22T14:41:41+00:00","og_image":[{"width":1920,"height":500,"url":"https:\/\/www.imaginegroupcr.com\/wp-content\/uploads\/2022\/12\/breadcum-faqs.webp","type":"image\/webp"}],"twitter_card":"summary_large_image","twitter_misc":{"Est. reading time":"2 minutes"},"schema":{"@context":"https:\/\/schema.org","@graph":[{"@type":"WebPage","@id":"https:\/\/www.imaginegroupcr.com\/en\/faqs\/","url":"https:\/\/www.imaginegroupcr.com\/en\/faqs\/","name":"Marble envelopes in Perez Zeledon, Jac\u00f3, Dominical, Uvita","isPartOf":{"@id":"https:\/\/www.imaginegroupcr.com\/en\/#website"},"primaryImageOfPage":{"@id":"https:\/\/www.imaginegroupcr.com\/en\/faqs\/#primaryimage"},"image":{"@id":"https:\/\/www.imaginegroupcr.com\/en\/faqs\/#primaryimage"},"thumbnailUrl":"https:\/\/www.imaginegroupcr.com\/wp-content\/uploads\/2022\/12\/breadcum-faqs.webp","datePublished":"2022-06-04T09:28:57+00:00","dateModified":"2024-10-22T14:41:41+00:00","description":"Marble is a compact metamorphic rock, formed from limestone rocks that, when subjected to high temperatures and pressures.","breadcrumb":{"@id":"https:\/\/www.imaginegroupcr.com\/en\/faqs\/#breadcrumb"},"inLanguage":"en-US","potentialAction":[{"@type":"ReadAction","target":["https:\/\/www.imaginegroupcr.com\/en\/faqs\/"]}]},{"@type":"ImageObject","inLanguage":"en-US","@id":"https:\/\/www.imaginegroupcr.com\/en\/faqs\/#primaryimage","url":"https:\/\/www.imaginegroupcr.com\/wp-content\/uploads\/2022\/12\/breadcum-faqs.webp","contentUrl":"https:\/\/www.imaginegroupcr.com\/wp-content\/uploads\/2022\/12\/breadcum-faqs.webp","width":1920,"height":500},{"@type":"BreadcrumbList","@id":"https:\/\/www.imaginegroupcr.com\/en\/faqs\/#breadcrumb","itemListElement":[{"@type":"ListItem","position":1,"name":"Inicio","item":"https:\/\/www.imaginegroupcr.com\/en\/"},{"@type":"ListItem","position":2,"name":"FAQS"}]},{"@type":"WebSite","@id":"https:\/\/www.imaginegroupcr.com\/en\/#website","url":"https:\/\/www.imaginegroupcr.com\/en\/","name":"IMAGINE GROUP","description":"Piedras naturales y elaboradas importadas","publisher":{"@id":"https:\/\/www.imaginegroupcr.com\/en\/#organization"},"potentialAction":[{"@type":"SearchAction","target":{"@type":"EntryPoint","urlTemplate":"https:\/\/www.imaginegroupcr.com\/en\/?s={search_term_string}"},"query-input":{"@type":"PropertyValueSpecification","valueRequired":true,"valueName":"search_term_string"}}],"inLanguage":"en-US"},{"@type":"Organization","@id":"https:\/\/www.imaginegroupcr.com\/en\/#organization","name":"IMAGINE GROUP","url":"https:\/\/www.imaginegroupcr.com\/en\/","logo":{"@type":"ImageObject","inLanguage":"en-US","@id":"https:\/\/www.imaginegroupcr.com\/en\/#\/schema\/logo\/image\/","url":"https:\/\/www.imaginegroupcr.com\/wp-content\/uploads\/2022\/11\/IMAGINE-web-1.png","contentUrl":"https:\/\/www.imaginegroupcr.com\/wp-content\/uploads\/2022\/11\/IMAGINE-web-1.png","width":319,"height":111,"caption":"IMAGINE GROUP"},"image":{"@id":"https:\/\/www.imaginegroupcr.com\/en\/#\/schema\/logo\/image\/"},"sameAs":["https:\/\/www.facebook.com\/ImagineCompanyCR\/","https:\/\/www.instagram.com\/imaginecompany_01\/"]}]}},"_links":{"self":[{"href":"https:\/\/www.imaginegroupcr.com\/en\/wp-json\/wp\/v2\/pages\/14850","targetHints":{"allow":["GET"]}}],"collection":[{"href":"https:\/\/www.imaginegroupcr.com\/en\/wp-json\/wp\/v2\/pages"}],"about":[{"href":"https:\/\/www.imaginegroupcr.com\/en\/wp-json\/wp\/v2\/types\/page"}],"author":[{"embeddable":true,"href":"https:\/\/www.imaginegroupcr.com\/en\/wp-json\/wp\/v2\/users\/1"}],"replies":[{"embeddable":true,"href":"https:\/\/www.imaginegroupcr.com\/en\/wp-json\/wp\/v2\/comments?post=14850"}],"version-history":[{"count":25,"href":"https:\/\/www.imaginegroupcr.com\/en\/wp-json\/wp\/v2\/pages\/14850\/revisions"}],"predecessor-version":[{"id":16909,"href":"https:\/\/www.imaginegroupcr.com\/en\/wp-json\/wp\/v2\/pages\/14850\/revisions\/16909"}],"wp:featuredmedia":[{"embeddable":true,"href":"https:\/\/www.imaginegroupcr.com\/en\/wp-json\/wp\/v2\/media\/14390"}],"wp:attachment":[{"href":"https:\/\/www.imaginegroupcr.com\/en\/wp-json\/wp\/v2\/media?parent=14850"}],"curies":[{"name":"wp","href":"https:\/\/api.w.org\/{rel}","templated":true}]}}